{"id":24,"date":"2016-03-20T10:04:20","date_gmt":"2016-03-20T10:04:20","guid":{"rendered":"http:\/\/www.kairalankievari.com\/wp\/?page_id=24"},"modified":"2018-11-12T17:59:01","modified_gmt":"2018-11-12T15:59:01","slug":"kartanosiivous-oy","status":"publish","type":"page","link":"http:\/\/www.kairalankievari.com\/wp\/kartanosiivous-oy\/","title":{"rendered":"Kartanosiivous"},"content":{"rendered":"<p>Kartanosiivous on Kairalan Kievarin yhteydess\u00e4 apunimell\u00e4 toimintansa aloittava siivouspalvelua, kotiapupalvelua sek\u00e4 siivouskaluston vuokrausta Sallan ja sen l\u00e4hikuntien alueella tarjoava yritys. Toimimme noin 100-150 kilometrin s\u00e4teell\u00e4 Kievarista ja tarjoamme kotiapua ja siivouspalveluita kaikille alueen kotitalouksille.<\/p>\n<p>Toiminta-alue:<\/p>\n<p>P\u00e4\u00e4asiassa Sallan seutu ja l\u00e4hikyl\u00e4t, mutta toimimme my\u00f6s Savukoski, Kemij\u00e4rvi, Pelkosenniemi, Sodankyl\u00e4 ja Kuusamo akselilla!<\/p>\n","protected":false},"excerpt":{"rendered":"<p>Kartanosiivous on Kairalan Kievarin yhteydess\u00e4 apunimell\u00e4 toimintansa aloittava siivouspalvelua, kotiapupalvelua sek\u00e4 siivouskaluston vuokrausta Sallan ja sen l\u00e4hikuntien alueella tarjoava yritys. Toimimme noin 100-150 kilometrin s\u00e4teell\u00e4 Kievarista ja tarjoamme kotiapua ja siivouspalveluita kaikille alueen kotitalouksille. Toiminta-alue: P\u00e4\u00e4asiassa Sallan seutu ja l\u00e4hikyl\u00e4t, <a class=\"more-link\" href=\"http:\/\/www.kairalankievari.com\/wp\/kartanosiivous-oy\/\">Lue lis\u00e4\u00e4..<\/a><\/p>\n","protected":false},"author":1,"featured_media":0,"parent":0,"menu_order":0,"comment_status":"closed","ping_status":"closed","template":"","meta":{"ngg_post_thumbnail":0,"jetpack_post_was_ever_published":false,"footnotes":""},"jetpack_sharing_enabled":true,"jetpack_shortlink":"https:\/\/wp.me\/P7pcip-o","jetpack-related-posts":[{"id":2,"url":"http:\/\/www.kairalankievari.com\/wp\/","url_meta":{"origin":24,"position":0},"title":"Kairalan Kievari","author":"admin","date":"20 maaliskuun, 2016","format":false,"excerpt":"Kairalan Kievarissa\u00a0edullista omatoimimajoitusta kodin omaisessa ja rauhallisessa ymp\u00e4rist\u00f6ss\u00e4 sek\u00e4 viikonloppuisin avoinna oleva viihtyis\u00e4 pubi. Evakko Pub on avoinna Pe-La 20.00-02.00 tai 03.00 el\u00e4v\u00e4n musiikin tai muun laadukkaan ohjelman iltoina. Evakko Pubista l\u00f6ytyy my\u00f6s kapinetti, jossa voit mm. heitt\u00e4\u00e4 dartsia tai pelata biljardia. Majoituspalvelut ovat avoinna joka p\u00e4iv\u00e4 ja huonevaraukset voi\u2026","rel":"","context":"Samankaltainen artikkeli","block_context":{"text":"Samankaltainen artikkeli","link":""},"img":{"alt_text":"","src":"","width":0,"height":0},"classes":[]},{"id":22,"url":"http:\/\/www.kairalankievari.com\/wp\/ota-yhteytta\/","url_meta":{"origin":24,"position":1},"title":"Ota Yhteytt\u00e4","author":"admin","date":"20 maaliskuun, 2016","format":false,"excerpt":"Kairalan Kievari Oy Vallovaarantie 209 98900, Salla Puhelinnumero: +358400299958 S\u00e4hk\u00f6posti:info@kairalankievari.com Alv-tunnus: FI26908471 Seppo Kairala: +358413186555","rel":"","context":"Samankaltainen artikkeli","block_context":{"text":"Samankaltainen artikkeli","link":""},"img":{"alt_text":"","src":"","width":0,"height":0},"classes":[]},{"id":444,"url":"http:\/\/www.kairalankievari.com\/wp\/majoitus\/","url_meta":{"origin":24,"position":2},"title":"Majoitus","author":"admin","date":"31 lokakuun, 2017","format":false,"excerpt":"Tervetuloa majoittumaan idylliseen ja rauhalliseen Sallan Vallovaaran entiseen kyl\u00e4kouluun. Olemme saneeranneet kyl\u00e4koulun majoitusk\u00e4ytt\u00f6\u00f6n. Tarjoamme edullista ja helppoa omatoimimajoitusta matkalaisille, jotka kaipaavat lev\u00e4hdystaukoa yhdeksi y\u00f6ksi tai vaikkapa pidemm\u00e4ksi ajaksi. Sijaintimme on t\u00e4ydellinen, jos kaipaat hiljaisuutta, luontoa, kalastus- tai mets\u00e4stysmahdollisuuksia. Maastot sopivat hyvin vaikkapa patikointiin tai hiiht\u00e4miseen. My\u00f6s\u00a0 moottorikelkkailureitti menee kievarin l\u00e4helt\u00e4.\u2026","rel":"","context":"Samankaltainen artikkeli","block_context":{"text":"Samankaltainen artikkeli","link":""},"img":{"alt_text":"","src":"https:\/\/i0.wp.com\/www.kairalankievari.com\/wp\/wp-content\/uploads\/2017\/10\/IMG_5383.jpg?fit=1200%2C800&resize=350%2C200","width":350,"height":200,"srcset":"https:\/\/i0.wp.com\/www.kairalankievari.com\/wp\/wp-content\/uploads\/2017\/10\/IMG_5383.jpg?fit=1200%2C800&resize=350%2C200 1x, https:\/\/i0.wp.com\/www.kairalankievari.com\/wp\/wp-content\/uploads\/2017\/10\/IMG_5383.jpg?fit=1200%2C800&resize=525%2C300 1.5x, https:\/\/i0.wp.com\/www.kairalankievari.com\/wp\/wp-content\/uploads\/2017\/10\/IMG_5383.jpg?fit=1200%2C800&resize=700%2C400 2x, https:\/\/i0.wp.com\/www.kairalankievari.com\/wp\/wp-content\/uploads\/2017\/10\/IMG_5383.jpg?fit=1200%2C800&resize=1050%2C600 3x"},"classes":[]},{"id":30,"url":"http:\/\/www.kairalankievari.com\/wp\/kartanosiivous-oy\/muut-palvelut\/","url_meta":{"origin":24,"position":3},"title":"Muut palvelut","author":"admin","date":"20 maaliskuun, 2016","format":false,"excerpt":"arkistontuhoukset, tuholaistorjunta, pihojen lumity\u00f6t ja hiekoitukset","rel":"","context":"Samankaltainen artikkeli","block_context":{"text":"Samankaltainen artikkeli","link":""},"img":{"alt_text":"","src":"","width":0,"height":0},"classes":[]},{"id":28,"url":"http:\/\/www.kairalankievari.com\/wp\/kartanosiivous-oy\/kotiapu\/","url_meta":{"origin":24,"position":4},"title":"Kotiapu","author":"admin","date":"20 maaliskuun, 2016","format":false,"excerpt":"Asioinnissa avustaminen (esim. kaupassak\u00e4ynti), lumenluonnit, nurmenleikkuu, r\u00e4nnien puhdistus yms.","rel":"","context":"Samankaltainen artikkeli","block_context":{"text":"Samankaltainen artikkeli","link":""},"img":{"alt_text":"","src":"","width":0,"height":0},"classes":[]},{"id":26,"url":"http:\/\/www.kairalankievari.com\/wp\/kartanosiivous-oy\/siivoukset\/","url_meta":{"origin":24,"position":5},"title":"Siivoukset","author":"admin","date":"20 maaliskuun, 2016","format":false,"excerpt":"Kotisiivoukset, suursiivoukset, ikkunanpesut, remontti- ja loppusiivoukset \u00a0 Erikoissiivoukset desinfionti ja otsonointi, graffitien ja t\u00f6herrysten poisto, painepesut","rel":"","context":"Samankaltainen artikkeli","block_context":{"text":"Samankaltainen artikkeli","link":""},"img":{"alt_text":"","src":"","width":0,"height":0},"classes":[]}],"_links":{"self":[{"href":"http:\/\/www.kairalankievari.com\/wp\/wp-json\/wp\/v2\/pages\/24"}],"collection":[{"href":"http:\/\/www.kairalankievari.com\/wp\/wp-json\/wp\/v2\/pages"}],"about":[{"href":"http:\/\/www.kairalankievari.com\/wp\/wp-json\/wp\/v2\/types\/page"}],"author":[{"embeddable":true,"href":"http:\/\/www.kairalankievari.com\/wp\/wp-json\/wp\/v2\/users\/1"}],"replies":[{"embeddable":true,"href":"http:\/\/www.kairalankievari.com\/wp\/wp-json\/wp\/v2\/comments?post=24"}],"version-history":[{"count":2,"href":"http:\/\/www.kairalankievari.com\/wp\/wp-json\/wp\/v2\/pages\/24\/revisions"}],"predecessor-version":[{"id":531,"href":"http:\/\/www.kairalankievari.com\/wp\/wp-json\/wp\/v2\/pages\/24\/revisions\/531"}],"wp:attachment":[{"href":"http:\/\/www.kairalankievari.com\/wp\/wp-json\/wp\/v2\/media?parent=24"}],"curies":[{"name":"wp","href":"https:\/\/api.w.org\/{rel}","templated":true}]}}